{"id":16,"date":"2021-05-15T18:51:34","date_gmt":"2021-05-15T18:51:34","guid":{"rendered":"https:\/\/optimeals.de\/?page_id=16"},"modified":"2025-01-11T07:07:33","modified_gmt":"2025-01-11T07:07:33","slug":"ueber-uns","status":"publish","type":"page","link":"https:\/\/optimeals.de\/index.php\/ueber-uns\/","title":{"rendered":"Impressum"},"content":{"rendered":"\n<p>Optimeals ist eine Marke und ein eingetragenes, registriertes Warenzeichen der<\/p>\n\n\n\n<div class=\"wp-block-group\"><div class=\"wp-block-group__inner-container is-layout-flow wp-block-group-is-layout-flow\">\n<p><strong>Optimeals GmbH<\/strong>, <strong>Ratzengasse 7,  55450 Langenlonsheim<\/strong><\/p>\n\n\n\n<p>USt-IdNr.: DE 815173535  <\/p>\n\n\n\n<p>Registergericht: Amtsgericht Bad Kreuznach  <\/p>\n\n\n\n<p>HRB 20883<\/p>\n<\/div><\/div>\n\n\n\n<p>Gesch\u00e4ftsf\u00fchrender Gesellschafter und somit inhaltlich verantwortlich f\u00fcr den Inhalt dieser Webseite gem\u00e4\u00df \u00a7 6 MDStV ist<\/p>\n\n\n\n<p>Michael Bootz, email:&nbsp;<a href=\"mailto:bootz@optimeals.de\">bootz(at)optimeals.de<\/a>&nbsp;, Schl\u00fcssel: DC111899<\/p>\n","protected":false},"excerpt":{"rendered":"<p>Optimeals ist eine Marke und ein eingetragenes, registriertes Warenzeichen der Optimeals GmbH, Ratzengasse 7, 55450 Langenlonsheim USt-IdNr.: DE 815173535 Registergericht: Amtsgericht Bad Kreuznach HRB 20883 &hellip; <\/p>\n","protected":false},"author":1,"featured_media":0,"parent":0,"menu_order":0,"comment_status":"closed","ping_status":"closed","template":"","meta":{"footnotes":""},"class_list":["post-16","page","type-page","status-publish","hentry"],"_links":{"self":[{"href":"https:\/\/optimeals.de\/index.php\/wp-json\/wp\/v2\/pages\/16","targetHints":{"allow":["GET"]}}],"collection":[{"href":"https:\/\/optimeals.de\/index.php\/wp-json\/wp\/v2\/pages"}],"about":[{"href":"https:\/\/optimeals.de\/index.php\/wp-json\/wp\/v2\/types\/page"}],"author":[{"embeddable":true,"href":"https:\/\/optimeals.de\/index.php\/wp-json\/wp\/v2\/users\/1"}],"replies":[{"embeddable":true,"href":"https:\/\/optimeals.de\/index.php\/wp-json\/wp\/v2\/comments?post=16"}],"version-history":[{"count":7,"href":"https:\/\/optimeals.de\/index.php\/wp-json\/wp\/v2\/pages\/16\/revisions"}],"predecessor-version":[{"id":179,"href":"https:\/\/optimeals.de\/index.php\/wp-json\/wp\/v2\/pages\/16\/revisions\/179"}],"wp:attachment":[{"href":"https:\/\/optimeals.de\/index.php\/wp-json\/wp\/v2\/media?parent=16"}],"curies":[{"name":"wp","href":"https:\/\/api.w.org\/{rel}","templated":true}]}}