{"id":2,"date":"2021-05-15T18:17:49","date_gmt":"2021-05-15T18:17:49","guid":{"rendered":"https:\/\/optimeals.de\/?page_id=2"},"modified":"2022-02-10T15:22:55","modified_gmt":"2022-02-10T15:22:55","slug":"sample-page","status":"publish","type":"page","link":"https:\/\/optimeals.de\/","title":{"rendered":"Software f\u00fcr Caterer"},"content":{"rendered":"\n<p>Optimeals wurde speziell f\u00fcr das Catering in Kitas, Schulen und Firmen entwickelt. Die Funktionalit\u00e4t erstreckt sich von der Internet-Bestellung \u00fcber den gesamten Produktionsprozess bis hin zur Abrechnung\u00a0mit dem Kunden.<\/p>\n\n\n\n<p>Optimeals&nbsp; bietet Ihnen folgende Funktionen:<\/p>\n\n\n\n<ul class=\"wp-block-list\"><li><strong>Bestellsystem<\/strong>&nbsp;mit Einzelbestellung und Sammelbestellung.<\/li><li><strong>Speiseausgabe<\/strong> mit Scanner-Funktion <\/li><li><strong>Kiosk-Software<\/strong> mit Scannerfunktion zum bargeldlosem Bezahlen.<\/li><li><strong>Abrechnungssystem<\/strong>&nbsp;mit Rechnungsfakturierung f\u00fcr Einzel- und Sammelabrechnung , Lastschriftverfahren, Guthabenkonten und Anbindung an Ihre Finanzbuchhaltung (Datev, Datev online, Simba,Linear).<\/li><li><strong>Produktionsplanung<\/strong>&nbsp;mit Ausgabe von Lieferscheinen, Portionierungslisten, Etiketten, Rezepten, Speisepl\u00e4nen, Tourenplan, Einkaufslisten, Dokumentation, betriebswirtschaftliche Auswertungen.<\/li><li><strong>Warenwirtschaft<\/strong>&nbsp;mit Lagerhaltung und voller Kontrolle \u00fcber den Wareneingang.<\/li><li><strong>Dokumentation<\/strong>&nbsp;&#8211; Sie erreichen&nbsp;volle Transparenz bei der&nbsp;Auftragsverwaltung, Abrechnung und in der Warenwirtschaft. Ihr Produktionsprozess wird vollst\u00e4ndig von Optimeals dokumentiert.&nbsp;<\/li><li><strong>Datenexport und Import&nbsp;<\/strong>&#8211; Optimeals verf\u00fcgt \u00fcber eine leistungsf\u00e4hige Schnittstelle zum Ex- und Import von Daten. Wir programmieren Ihnen die Schnittstellen zu Ihrer bestehenden IT-Struktur.<\/li><\/ul>\n\n\n\n<p><strong>Optimeals<\/strong>&nbsp;<strong>senkt den zeitlichen Aufwand f\u00fcr Bestellung, Produktion und Abrechnung auf das Minimum.<\/strong><\/p>\n\n\n\n<p><\/p>\n","protected":false},"excerpt":{"rendered":"<p>Optimeals wurde speziell f\u00fcr das Catering in Kitas, Schulen und Firmen entwickelt. Die Funktionalit\u00e4t erstreckt sich von der Internet-Bestellung \u00fcber den gesamten Produktionsprozess bis hin &hellip; <\/p>\n","protected":false},"author":1,"featured_media":0,"parent":0,"menu_order":0,"comment_status":"closed","ping_status":"open","template":"","meta":{"footnotes":""},"class_list":["post-2","page","type-page","status-publish","hentry"],"_links":{"self":[{"href":"https:\/\/optimeals.de\/index.php\/wp-json\/wp\/v2\/pages\/2","targetHints":{"allow":["GET"]}}],"collection":[{"href":"https:\/\/optimeals.de\/index.php\/wp-json\/wp\/v2\/pages"}],"about":[{"href":"https:\/\/optimeals.de\/index.php\/wp-json\/wp\/v2\/types\/page"}],"author":[{"embeddable":true,"href":"https:\/\/optimeals.de\/index.php\/wp-json\/wp\/v2\/users\/1"}],"replies":[{"embeddable":true,"href":"https:\/\/optimeals.de\/index.php\/wp-json\/wp\/v2\/comments?post=2"}],"version-history":[{"count":9,"href":"https:\/\/optimeals.de\/index.php\/wp-json\/wp\/v2\/pages\/2\/revisions"}],"predecessor-version":[{"id":173,"href":"https:\/\/optimeals.de\/index.php\/wp-json\/wp\/v2\/pages\/2\/revisions\/173"}],"wp:attachment":[{"href":"https:\/\/optimeals.de\/index.php\/wp-json\/wp\/v2\/media?parent=2"}],"curies":[{"name":"wp","href":"https:\/\/api.w.org\/{rel}","templated":true}]}}